{"id":13,"date":"2026-04-18T17:53:31","date_gmt":"2026-04-18T17:53:31","guid":{"rendered":"https:\/\/burenvenning.be\/?page_id=13"},"modified":"2026-04-24T17:59:47","modified_gmt":"2026-04-24T17:59:47","slug":"about","status":"publish","type":"page","link":"https:\/\/burenvenning.be\/fr\/about\/","title":{"rendered":"About"},"content":{"rendered":"<div data-elementor-type=\"wp-page\" data-elementor-id=\"13\" class=\"elementor elementor-13\" data-elementor-post-type=\"page\">\n\t\t\t\t<div class=\"aux-parallax-section elementor-element elementor-element-dd13254 e-con-full e-flex e-con e-parent\" data-id=\"dd13254\" data-element_type=\"container\" data-e-type=\"container\" data-settings=\"{&quot;background_background&quot;:&quot;classic&quot;}\">\n\t\t\t\t<div class=\"elementor-element elementor-element-447b48e elementor-widget-mobile__width-inherit elementor-absolute elementor-widget elementor-widget-heading\" data-id=\"447b48e\" data-element_type=\"widget\" data-e-type=\"widget\" data-settings=\"{&quot;_position&quot;:&quot;absolute&quot;}\" data-widget_type=\"heading.default\">\n\t\t\t\t\t<h2 class=\"elementor-heading-title elementor-size-default\">\u00c0 propos du centre communautaire Buren Venning<\/h2>\t\t\t\t<\/div>\n\t\t\t\t<div class=\"elementor-element elementor-element-0196144 elementor-absolute elementor-widget elementor-widget-text-editor\" data-id=\"0196144\" data-element_type=\"widget\" data-e-type=\"widget\" data-settings=\"{&quot;_position&quot;:&quot;absolute&quot;}\" data-widget_type=\"text-editor.default\">\n\t\t\t\t\t\t\t\t\t<p>Un lieu chaleureux o\u00f9 les voisins se rencontrent, partagent et construisent quelque chose ensemble.<\/p>\t\t\t\t\t\t\t\t<\/div>\n\t\t\t\t<\/div>\n\t\t<div class=\"aux-parallax-section elementor-element elementor-element-98e9359 e-con-full e-flex e-con e-parent\" data-id=\"98e9359\" data-element_type=\"container\" data-e-type=\"container\">\n\t\t<div class=\"elementor-element elementor-element-cdcd8f3 e-con-full e-flex e-con e-child\" data-id=\"cdcd8f3\" data-element_type=\"container\" data-e-type=\"container\" data-settings=\"{&quot;background_background&quot;:&quot;classic&quot;}\">\n\t\t\t\t<\/div>\n\t\t<div class=\"elementor-element elementor-element-404c3a0 e-con-full e-flex e-con e-child\" data-id=\"404c3a0\" data-element_type=\"container\" data-e-type=\"container\">\n\t\t\t\t<div class=\"elementor-element elementor-element-8f4137c elementor-widget-mobile__width-inherit elementor-absolute elementor-widget elementor-widget-heading\" data-id=\"8f4137c\" data-element_type=\"widget\" data-e-type=\"widget\" data-settings=\"{&quot;_position&quot;:&quot;absolute&quot;}\" data-widget_type=\"heading.default\">\n\t\t\t\t\t<h2 class=\"elementor-heading-title elementor-size-default\">Un lieu pour le quartier<\/h2>\t\t\t\t<\/div>\n\t\t\t\t<div class=\"elementor-element elementor-element-43b75c9 elementor-widget-mobile__width-inherit elementor-absolute elementor-widget elementor-widget-heading\" data-id=\"43b75c9\" data-element_type=\"widget\" data-e-type=\"widget\" data-settings=\"{&quot;_position&quot;:&quot;absolute&quot;}\" data-widget_type=\"heading.default\">\n\t\t\t\t\t<h2 class=\"elementor-heading-title elementor-size-default\">Un espace accueillant<\/h2>\t\t\t\t<\/div>\n\t\t\t\t<div class=\"elementor-element elementor-element-99cd1e0 elementor-widget-mobile__width-inherit elementor-absolute elementor-widget elementor-widget-heading\" data-id=\"99cd1e0\" data-element_type=\"widget\" data-e-type=\"widget\" data-settings=\"{&quot;_position&quot;:&quot;absolute&quot;}\" data-widget_type=\"heading.default\">\n\t\t\t\t\t<h2 class=\"elementor-heading-title elementor-size-default\">Cr\u00e9er des liens entre voisins.<\/h2>\t\t\t\t<\/div>\n\t\t\t\t<div class=\"elementor-element elementor-element-6a3d8d1 elementor-absolute elementor-widget elementor-widget-text-editor\" data-id=\"6a3d8d1\" data-element_type=\"widget\" data-e-type=\"widget\" data-settings=\"{&quot;_position&quot;:&quot;absolute&quot;}\" data-widget_type=\"text-editor.default\">\n\t\t\t\t\t\t\t\t\t<p data-start=\"1114\" data-end=\"1280\">Le centre communautaire Buren Venning est un espace accueillant ouvert \u00e0 tous les habitants du quartier.<\/p><p data-start=\"1114\" data-end=\"1280\">Nous cr\u00e9ons des moments o\u00f9 chacun peut se rencontrer, \u00e9changer et participer \u00e0 la vie locale.<\/p><p data-start=\"1114\" data-end=\"1280\">Qu\u2019il s\u2019agisse d\u2019un repas, d\u2019un \u00e9v\u00e9nement ou d\u2019une activit\u00e9 partag\u00e9e, notre objectif est simple : rassembler les personnes et renforcer les liens du quartier.<\/p>\t\t\t\t\t\t\t\t<\/div>\n\t\t\t\t<div class=\"elementor-element elementor-element-f2a6558 elementor-absolute elementor-widget__width-inherit elementor-widget elementor-widget-text-editor\" data-id=\"f2a6558\" data-element_type=\"widget\" data-e-type=\"widget\" data-settings=\"{&quot;_position&quot;:&quot;absolute&quot;}\" data-widget_type=\"text-editor.default\">\n\t\t\t\t\t\t\t\t\t<p data-start=\"1114\" data-end=\"1280\">Notre lieu a \u00e9t\u00e9 pens\u00e9 pour \u00eatre accessible, convivial et vivant.<\/p><p data-start=\"1114\" data-end=\"1280\">Un endroit o\u00f9 l\u2019on se sent bien, o\u00f9 l\u2019on peut venir seul ou accompagn\u00e9,<\/p><p data-start=\"1114\" data-end=\"1280\">et o\u00f9 chacun est toujours le bienvenu.<\/p>\t\t\t\t\t\t\t\t<\/div>\n\t\t\t\t<div class=\"elementor-element elementor-element-0bd99ce elementor-absolute elementor-widget elementor-widget-text-editor\" data-id=\"0bd99ce\" data-element_type=\"widget\" data-e-type=\"widget\" data-settings=\"{&quot;_position&quot;:&quot;absolute&quot;}\" data-widget_type=\"text-editor.default\">\n\t\t\t\t\t\t\t\t\t<p data-start=\"2853\" data-end=\"2896\"><em>Inclusion<\/em><br data-start=\"2866\" data-end=\"2869\" \/>Un espace ouvert \u00e0 tous.<\/p><p data-start=\"2898\" data-end=\"2954\"><em>Convivialit\u00e9<\/em><br data-start=\"2914\" data-end=\"2917\" \/>Partager des moments simples et agr\u00e9ables.<\/p><p data-start=\"2956\" data-end=\"3030\"><em>Initiative<\/em><br data-start=\"2970\" data-end=\"2973\" \/>Donner \u00e0 chacun la possibilit\u00e9 de contribuer et de participer.<\/p>\t\t\t\t\t\t\t\t<\/div>\n\t\t\t\t<\/div>\n\t\t\t\t<\/div>\n\t\t\t\t<\/div>","protected":false},"excerpt":{"rendered":"","protected":false},"author":1,"featured_media":0,"parent":0,"menu_order":0,"comment_status":"closed","ping_status":"closed","template":"templates\/page-builder-content.php","meta":{"_acf_changed":false,"footnotes":""},"class_list":["post-13","page","type-page","status-publish","hentry"],"acf":[],"_links":{"self":[{"href":"https:\/\/burenvenning.be\/fr\/wp-json\/wp\/v2\/pages\/13","targetHints":{"allow":["GET"]}}],"collection":[{"href":"https:\/\/burenvenning.be\/fr\/wp-json\/wp\/v2\/pages"}],"about":[{"href":"https:\/\/burenvenning.be\/fr\/wp-json\/wp\/v2\/types\/page"}],"author":[{"embeddable":true,"href":"https:\/\/burenvenning.be\/fr\/wp-json\/wp\/v2\/users\/1"}],"replies":[{"embeddable":true,"href":"https:\/\/burenvenning.be\/fr\/wp-json\/wp\/v2\/comments?post=13"}],"version-history":[{"count":112,"href":"https:\/\/burenvenning.be\/fr\/wp-json\/wp\/v2\/pages\/13\/revisions"}],"predecessor-version":[{"id":597,"href":"https:\/\/burenvenning.be\/fr\/wp-json\/wp\/v2\/pages\/13\/revisions\/597"}],"wp:attachment":[{"href":"https:\/\/burenvenning.be\/fr\/wp-json\/wp\/v2\/media?parent=13"}],"curies":[{"name":"wp","href":"https:\/\/api.w.org\/{rel}","templated":true}]}}